{"id":25,"date":"2025-10-11T12:11:16","date_gmt":"2025-10-11T16:11:16","guid":{"rendered":"https:\/\/ppaquet.dectim.ca\/webjam\/?page_id=25"},"modified":"2025-10-12T11:54:56","modified_gmt":"2025-10-12T15:54:56","slug":"moyen-age","status":"publish","type":"page","link":"https:\/\/ppaquet.dectim.ca\/webjam\/moyen-age\/","title":{"rendered":"Moyen-\u00c2ge"},"content":{"rendered":"\n<p>Les pierres parlent encore. Sous les vo\u00fbtes et les torches, le monde se tisse entre foi et peur, entre silence et r\u00e9volte. Chaque cloche sonne comme un code, chaque manuscrit cache un savoir qu\u2019on voudrait taire. Plongez dans une \u00e8re de fer et de pri\u00e8re \u2014 l\u00e0 o\u00f9 les mots interdits circulent de bouche en bouche, et o\u00f9 la m\u00e9moire se grave sur parchemin avant d\u2019\u00eatre br\u00fbl\u00e9e.<\/p>\n\n\n\n<p><\/p>\n","protected":false},"excerpt":{"rendered":"<p>Les pierres parlent encore. Sous les vo\u00fbtes et les torches, le monde se tisse entre foi et peur, entre silence et r\u00e9volte. Chaque cloche sonne comme un code, chaque manuscrit cache un savoir qu\u2019on voudrait taire. Plongez dans une \u00e8re de fer et de pri\u00e8re \u2014 l\u00e0 o\u00f9 les mots interdits circulent de bouche en [&hellip;]<\/p>\n","protected":false},"author":1,"featured_media":110,"parent":0,"menu_order":0,"comment_status":"closed","ping_status":"closed","template":"tpl-moyenage.php","meta":{"_acf_changed":false,"footnotes":""},"class_list":["post-25","page","type-page","status-publish","has-post-thumbnail","hentry"],"acf":[],"_links":{"self":[{"href":"https:\/\/ppaquet.dectim.ca\/webjam\/wp-json\/wp\/v2\/pages\/25","targetHints":{"allow":["GET"]}}],"collection":[{"href":"https:\/\/ppaquet.dectim.ca\/webjam\/wp-json\/wp\/v2\/pages"}],"about":[{"href":"https:\/\/ppaquet.dectim.ca\/webjam\/wp-json\/wp\/v2\/types\/page"}],"author":[{"embeddable":true,"href":"https:\/\/ppaquet.dectim.ca\/webjam\/wp-json\/wp\/v2\/users\/1"}],"replies":[{"embeddable":true,"href":"https:\/\/ppaquet.dectim.ca\/webjam\/wp-json\/wp\/v2\/comments?post=25"}],"version-history":[{"count":12,"href":"https:\/\/ppaquet.dectim.ca\/webjam\/wp-json\/wp\/v2\/pages\/25\/revisions"}],"predecessor-version":[{"id":341,"href":"https:\/\/ppaquet.dectim.ca\/webjam\/wp-json\/wp\/v2\/pages\/25\/revisions\/341"}],"wp:featuredmedia":[{"embeddable":true,"href":"https:\/\/ppaquet.dectim.ca\/webjam\/wp-json\/wp\/v2\/media\/110"}],"wp:attachment":[{"href":"https:\/\/ppaquet.dectim.ca\/webjam\/wp-json\/wp\/v2\/media?parent=25"}],"curies":[{"name":"wp","href":"https:\/\/api.w.org\/{rel}","templated":true}]}}