{"id":27,"date":"2025-10-11T12:11:36","date_gmt":"2025-10-11T16:11:36","guid":{"rendered":"https:\/\/ppaquet.dectim.ca\/webjam\/?page_id=27"},"modified":"2025-10-12T11:57:04","modified_gmt":"2025-10-12T15:57:04","slug":"temps-modernes","status":"publish","type":"page","link":"https:\/\/ppaquet.dectim.ca\/webjam\/temps-modernes\/","title":{"rendered":"Temps Modernes"},"content":{"rendered":"\n<p>Les presses s\u2019activent, les cartes se d\u00e9ploient, les horizons s\u2019ouvrent. Dans le tumulte des ports et le secret des salons, naissent les id\u00e9es qui fissurent l\u2019ordre \u00e9tabli. Artisans, savants et r\u00eaveurs conspirent \u00e0 donner forme \u00e0 un monde nouveau. C\u2019est ici que la curiosit\u00e9 devient arme, et que la v\u00e9rit\u00e9 s\u2019imprime plus vite que les d\u00e9crets.<\/p>\n","protected":false},"excerpt":{"rendered":"<p>Les presses s\u2019activent, les cartes se d\u00e9ploient, les horizons s\u2019ouvrent. Dans le tumulte des ports et le secret des salons, naissent les id\u00e9es qui fissurent l\u2019ordre \u00e9tabli. Artisans, savants et r\u00eaveurs conspirent \u00e0 donner forme \u00e0 un monde nouveau. C\u2019est ici que la curiosit\u00e9 devient arme, et que la v\u00e9rit\u00e9 s\u2019imprime plus vite que les [&hellip;]<\/p>\n","protected":false},"author":1,"featured_media":111,"parent":0,"menu_order":0,"comment_status":"closed","ping_status":"closed","template":"tpl-moderne.php","meta":{"_acf_changed":false,"footnotes":""},"class_list":["post-27","page","type-page","status-publish","has-post-thumbnail","hentry"],"acf":[],"_links":{"self":[{"href":"https:\/\/ppaquet.dectim.ca\/webjam\/wp-json\/wp\/v2\/pages\/27","targetHints":{"allow":["GET"]}}],"collection":[{"href":"https:\/\/ppaquet.dectim.ca\/webjam\/wp-json\/wp\/v2\/pages"}],"about":[{"href":"https:\/\/ppaquet.dectim.ca\/webjam\/wp-json\/wp\/v2\/types\/page"}],"author":[{"embeddable":true,"href":"https:\/\/ppaquet.dectim.ca\/webjam\/wp-json\/wp\/v2\/users\/1"}],"replies":[{"embeddable":true,"href":"https:\/\/ppaquet.dectim.ca\/webjam\/wp-json\/wp\/v2\/comments?post=27"}],"version-history":[{"count":6,"href":"https:\/\/ppaquet.dectim.ca\/webjam\/wp-json\/wp\/v2\/pages\/27\/revisions"}],"predecessor-version":[{"id":343,"href":"https:\/\/ppaquet.dectim.ca\/webjam\/wp-json\/wp\/v2\/pages\/27\/revisions\/343"}],"wp:featuredmedia":[{"embeddable":true,"href":"https:\/\/ppaquet.dectim.ca\/webjam\/wp-json\/wp\/v2\/media\/111"}],"wp:attachment":[{"href":"https:\/\/ppaquet.dectim.ca\/webjam\/wp-json\/wp\/v2\/media?parent=27"}],"curies":[{"name":"wp","href":"https:\/\/api.w.org\/{rel}","templated":true}]}}