{"id":29,"date":"2025-10-11T12:13:30","date_gmt":"2025-10-11T16:13:30","guid":{"rendered":"https:\/\/ppaquet.dectim.ca\/webjam\/?page_id=29"},"modified":"2025-10-12T11:58:12","modified_gmt":"2025-10-12T15:58:12","slug":"epoque-contemporaine","status":"publish","type":"page","link":"https:\/\/ppaquet.dectim.ca\/webjam\/epoque-contemporaine\/","title":{"rendered":"\u00c9poque contemporaine"},"content":{"rendered":"\n<p>Les circuits remplacent les veines, et les \u00e9crans remplacent les miroirs. Tout s\u2019enregistre, tout s\u2019oublie. Dans ce vacarme de donn\u00e9es et d\u2019illusions, les fragments du pass\u00e9 cherchent encore \u00e0 se faire entendre. Explorez les ruines num\u00e9riques de notre si\u00e8cle \u2014 l\u00e0 o\u00f9 la culture survit sous forme de signaux, de glitchs et de souvenirs partag\u00e9s clandestinement.<\/p>\n","protected":false},"excerpt":{"rendered":"<p>Les circuits remplacent les veines, et les \u00e9crans remplacent les miroirs. Tout s\u2019enregistre, tout s\u2019oublie. Dans ce vacarme de donn\u00e9es et d\u2019illusions, les fragments du pass\u00e9 cherchent encore \u00e0 se faire entendre. Explorez les ruines num\u00e9riques de notre si\u00e8cle \u2014 l\u00e0 o\u00f9 la culture survit sous forme de signaux, de glitchs et de souvenirs partag\u00e9s [&hellip;]<\/p>\n","protected":false},"author":1,"featured_media":109,"parent":0,"menu_order":0,"comment_status":"closed","ping_status":"closed","template":"tpl-contemporain.php","meta":{"_acf_changed":false,"footnotes":""},"class_list":["post-29","page","type-page","status-publish","has-post-thumbnail","hentry"],"acf":[],"_links":{"self":[{"href":"https:\/\/ppaquet.dectim.ca\/webjam\/wp-json\/wp\/v2\/pages\/29","targetHints":{"allow":["GET"]}}],"collection":[{"href":"https:\/\/ppaquet.dectim.ca\/webjam\/wp-json\/wp\/v2\/pages"}],"about":[{"href":"https:\/\/ppaquet.dectim.ca\/webjam\/wp-json\/wp\/v2\/types\/page"}],"author":[{"embeddable":true,"href":"https:\/\/ppaquet.dectim.ca\/webjam\/wp-json\/wp\/v2\/users\/1"}],"replies":[{"embeddable":true,"href":"https:\/\/ppaquet.dectim.ca\/webjam\/wp-json\/wp\/v2\/comments?post=29"}],"version-history":[{"count":5,"href":"https:\/\/ppaquet.dectim.ca\/webjam\/wp-json\/wp\/v2\/pages\/29\/revisions"}],"predecessor-version":[{"id":344,"href":"https:\/\/ppaquet.dectim.ca\/webjam\/wp-json\/wp\/v2\/pages\/29\/revisions\/344"}],"wp:featuredmedia":[{"embeddable":true,"href":"https:\/\/ppaquet.dectim.ca\/webjam\/wp-json\/wp\/v2\/media\/109"}],"wp:attachment":[{"href":"https:\/\/ppaquet.dectim.ca\/webjam\/wp-json\/wp\/v2\/media?parent=29"}],"curies":[{"name":"wp","href":"https:\/\/api.w.org\/{rel}","templated":true}]}}